{"id":4594,"date":"2025-08-12T13:02:56","date_gmt":"2025-08-12T11:02:56","guid":{"rendered":"https:\/\/flash-social-media.fr\/?post_type=product&#038;p=4594"},"modified":"2025-10-02T16:58:19","modified_gmt":"2025-10-02T14:58:19","slug":"formation-reseaux-sociaux-flash-social-media","status":"publish","type":"product","link":"https:\/\/flash-social-media.fr\/en\/formation-reseaux-sociaux-flash-social-media\/","title":{"rendered":"Formation Flash Social Media"},"content":{"rendered":"<section class=\"section\" id=\"section_1119938174\">\n\t\t<div class=\"bg section-bg fill bg-fill  bg-loaded\" >\n\n\t\t\t\n\t\t\t<div class=\"section-bg-overlay absolute fill\"><\/div>\n\t\t\t\n\n\t\t<\/div>\n\n\t\t\n\n\t\t<div class=\"section-content relative\">\n\t\t\t\n<div class=\"row row-large row-full-width align-middle align-center\"  id=\"row-520951397\">\n\n\t<div id=\"col-421492014\" class=\"col medium-2 large-2\"  >\n\t\t\t\t<div class=\"col-inner text-center\"  >\n\t\t\t\n\t\t\t\n\t\t<\/div>\n\t\t\t\t\t<\/div>\n\n\t\n\n\t<div id=\"col-1443039269\" class=\"col prod-elements medium-8 small-12 large-8\"  >\n\t\t\t\t<div class=\"col-inner text-center\"  >\n\t\t\t\n\t\t\t\n\t<div id=\"text-3974401025\" class=\"text\">\n\t\t\n\n\t\t\n<style>\n#text-3974401025 {\n  text-align: center;\n}\n<\/style>\n\t<\/div>\n\t\n\t<div id=\"text-2980526777\" class=\"text\">\n\t\t\n\n\t\t\n<style>\n#text-2980526777 {\n  text-align: center;\n}\n<\/style>\n\t<\/div>\n\t\n\t\t<\/div>\n\t\t\t\t\n<style>\n#col-1443039269 > .col-inner {\n  margin: 0px 0px 0px 0px;\n}\n<\/style>\n\t<\/div>\n\n\t\n\n\t<div id=\"col-1778642810\" class=\"col medium-2 small-12 large-2\"  >\n\t\t\t\t<div class=\"col-inner\"  >\n\t\t\t\n\t\t\t\n\t\t<\/div>\n\t\t\t\t\t<\/div>\n\n\t\n<\/div>\n<div class=\"row\"  id=\"row-1668159548\">\n\n\t<div id=\"col-1902048247\" class=\"col medium-3 small-12 large-3\"  >\n\t\t\t\t<div class=\"col-inner\"  >\n\t\t\t\n\t\t\t\n\t\t<\/div>\n\t\t\t\t\t<\/div>\n\n\t\n\n\t<div id=\"col-540011585\" class=\"col medium-6 small-12 large-6\"  >\n\t\t\t\t<div class=\"col-inner\"  >\n\t\t\t\n\t\t\t\n<p style=\"text-align: center; font-weight: 700;\">Dans cette formation, vous allez apprendre \u00e0 :<\/p>\n<ul style=\"padding-left: 20px;\">\n<li>Booster rapidement votre visibilit\u00e9 sur les principales plateformes<\/li>\n<li>Attirer des abonn\u00e9s qualifi\u00e9s et engag\u00e9s<\/li>\n<li>Cr\u00e9er du contenu qui performe en 2025<\/li>\n<li>Comprendre et ma\u00eetriser les algorithmes<\/li>\n<li>Cr\u00e9er une strat\u00e9gie de mon\u00e9tisation ou de d\u00e9veloppement de marque<\/li>\n<\/ul>\n\t\t<\/div>\n\t\t\t\t\t<\/div>\n\n\t\n\n\t<div id=\"col-1389515984\" class=\"col medium-3 small-12 large-3\"  >\n\t\t\t\t<div class=\"col-inner\"  >\n\t\t\t\n\t\t\t\n\t\t<\/div>\n\t\t\t\t\t<\/div>\n\n\t\n<\/div>\n\t\t<\/div>\n\n\t\t\n<style>\n#section_1119938174 {\n  padding-top: 14px;\n  padding-bottom: 14px;\n  background-color: rgb(193, 193, 193);\n}\n#section_1119938174 .section-bg-overlay {\n  background-color: rgba(255, 255, 255, 0.85);\n}\n<\/style>\n\t<\/section>","protected":false},"excerpt":{"rendered":"","protected":false},"featured_media":4766,"comment_status":"closed","ping_status":"closed","template":"","meta":{"_iconic_wsb_product_page_order_bump_ids":[[]],"_sku":[],"_iconic_wsb_product_page_bump_modal_ids":[[]]},"product_cat":[48,26],"product_tag":[],"class_list":["post-4594","product","type-product","status-publish","has-post-thumbnail","hentry","product_cat-formations","product_cat-non-classe"],"_links":{"self":[{"href":"https:\/\/flash-social-media.fr\/en\/wp-json\/wp\/v2\/product\/4594","targetHints":{"allow":["GET"]}}],"collection":[{"href":"https:\/\/flash-social-media.fr\/en\/wp-json\/wp\/v2\/product"}],"about":[{"href":"https:\/\/flash-social-media.fr\/en\/wp-json\/wp\/v2\/types\/product"}],"replies":[{"embeddable":true,"href":"https:\/\/flash-social-media.fr\/en\/wp-json\/wp\/v2\/comments?post=4594"}],"wp:featuredmedia":[{"embeddable":true,"href":"https:\/\/flash-social-media.fr\/en\/wp-json\/wp\/v2\/media\/4766"}],"wp:attachment":[{"href":"https:\/\/flash-social-media.fr\/en\/wp-json\/wp\/v2\/media?parent=4594"}],"wp:term":[{"taxonomy":"product_cat","embeddable":true,"href":"https:\/\/flash-social-media.fr\/en\/wp-json\/wp\/v2\/product_cat?post=4594"},{"taxonomy":"product_tag","embeddable":true,"href":"https:\/\/flash-social-media.fr\/en\/wp-json\/wp\/v2\/product_tag?post=4594"}],"curies":[{"name":"wp","href":"https:\/\/api.w.org\/{rel}","templated":true}]}}